{"id":27753,"date":"2024-07-26T15:34:53","date_gmt":"2024-07-26T13:34:53","guid":{"rendered":"https:\/\/shop.rkgracanica.ba\/?post_type=product&#038;p=27753"},"modified":"2024-10-18T23:02:37","modified_gmt":"2024-10-18T21:02:37","slug":"komplet-trenerka","status":"publish","type":"product","link":"https:\/\/shop.rkgracanica.ba\/index.php\/proizvod\/komplet-trenerka\/","title":{"rendered":"Komplet trenerka"},"content":{"rendered":"<p><strong>Detalji proizvoda:<\/strong><\/p>\n<ul>\n<li>Materijal: Kvalitetan sportski materijal koji omogu\u0107uje prozra\u010dnost i udobnost<\/li>\n<li>Dizajn: Sportski kroj s naglaskom na funkcionalnost i estetiku<\/li>\n<li>Zna\u010dajke: Elasti\u010dan struk, patentni zatvara\u010di na d\u017eepovima za sigurno \u010duvanje sitnica<\/li>\n<li>Logo: RK Gra\u010danica na prednjoj strani, isti\u010du\u0107i podr\u0161ku va\u0161em omiljenom klubu<\/li>\n<\/ul>\n","protected":false},"excerpt":{"rendered":"<p>Udobna i stilizirana mu\u0161ka sportska trenerka RK Gra\u010danica idealna je za sve ljubitelje rukometa. Izra\u0111ena od visokokvalitetnog materijala koji omogu\u0107uje slobodno kretanje i udobnost tijekom treninga ili opu\u0161tanja izvan terena. Ova trenerka isti\u010de se modernim dizajnom i detaljima inspiriranim sportskom stra\u0161\u0107u RK Gra\u010danica.<\/p>\n","protected":false},"featured_media":27759,"comment_status":"open","ping_status":"closed","template":"","meta":[],"product_cat":[71],"product_tag":[],"class_list":{"0":"post-27753","1":"product","2":"type-product","3":"status-publish","4":"has-post-thumbnail","6":"product_cat-trenerka","8":"first","9":"instock","10":"shipping-taxable","11":"purchasable","12":"product-type-simple"},"_links":{"self":[{"href":"https:\/\/shop.rkgracanica.ba\/index.php\/wp-json\/wp\/v2\/product\/27753","targetHints":{"allow":["GET"]}}],"collection":[{"href":"https:\/\/shop.rkgracanica.ba\/index.php\/wp-json\/wp\/v2\/product"}],"about":[{"href":"https:\/\/shop.rkgracanica.ba\/index.php\/wp-json\/wp\/v2\/types\/product"}],"replies":[{"embeddable":true,"href":"https:\/\/shop.rkgracanica.ba\/index.php\/wp-json\/wp\/v2\/comments?post=27753"}],"version-history":[{"count":3,"href":"https:\/\/shop.rkgracanica.ba\/index.php\/wp-json\/wp\/v2\/product\/27753\/revisions"}],"predecessor-version":[{"id":27785,"href":"https:\/\/shop.rkgracanica.ba\/index.php\/wp-json\/wp\/v2\/product\/27753\/revisions\/27785"}],"wp:featuredmedia":[{"embeddable":true,"href":"https:\/\/shop.rkgracanica.ba\/index.php\/wp-json\/wp\/v2\/media\/27759"}],"wp:attachment":[{"href":"https:\/\/shop.rkgracanica.ba\/index.php\/wp-json\/wp\/v2\/media?parent=27753"}],"wp:term":[{"taxonomy":"product_cat","embeddable":true,"href":"https:\/\/shop.rkgracanica.ba\/index.php\/wp-json\/wp\/v2\/product_cat?post=27753"},{"taxonomy":"product_tag","embeddable":true,"href":"https:\/\/shop.rkgracanica.ba\/index.php\/wp-json\/wp\/v2\/product_tag?post=27753"}],"curies":[{"name":"wp","href":"https:\/\/api.w.org\/{rel}","templated":true}]}}