{"id":27764,"date":"2024-07-26T16:52:55","date_gmt":"2024-07-26T14:52:55","guid":{"rendered":"https:\/\/shop.rkgracanica.ba\/?post_type=product&#038;p=27764"},"modified":"2024-10-18T22:59:19","modified_gmt":"2024-10-18T20:59:19","slug":"majica-za-sve-prilike","status":"publish","type":"product","link":"https:\/\/shop.rkgracanica.ba\/index.php\/proizvod\/majica-za-sve-prilike\/","title":{"rendered":"Majica za sve prilike"},"content":{"rendered":"<p><strong>Materijali i izrada:<\/strong><\/p>\n<ul>\n<li>Visokokvalitetni pamuk<\/li>\n<li>Meko\u0107a i udobnost tokom no\u0161enja<\/li>\n<li>Optimalna ventilacija<\/li>\n<li>Otporan otisak klupskog logotipa<\/li>\n<li>Dugotrajnost i zadr\u017eavanje oblika nakon pranja<\/li>\n<\/ul>\n","protected":false},"excerpt":{"rendered":"<p>Navija\u010dka majica svih veli\u010dina od RK Gra\u010danica je savr\u0161en izbor za svakog pravog fana kluba. Sa modernim dizajnom i upe\u010datljivim klupskim bojama, ova majica omogu\u0107ava vam da ponosno poka\u017eete svoju podr\u0161ku voljenom timu. Bez obzira da li je nosite na utakmice, treninge ili u svakodnevnim prilikama, garantovano \u0107ete privu\u0107i pa\u017enju i pokazati svoj sportski duh.<\/p>\n","protected":false},"featured_media":27765,"comment_status":"open","ping_status":"closed","template":"","meta":[],"product_cat":[72],"product_tag":[],"class_list":{"0":"post-27764","1":"product","2":"type-product","3":"status-publish","4":"has-post-thumbnail","6":"product_cat-majice","8":"first","9":"instock","10":"shipping-taxable","11":"purchasable","12":"product-type-simple"},"_links":{"self":[{"href":"https:\/\/shop.rkgracanica.ba\/index.php\/wp-json\/wp\/v2\/product\/27764","targetHints":{"allow":["GET"]}}],"collection":[{"href":"https:\/\/shop.rkgracanica.ba\/index.php\/wp-json\/wp\/v2\/product"}],"about":[{"href":"https:\/\/shop.rkgracanica.ba\/index.php\/wp-json\/wp\/v2\/types\/product"}],"replies":[{"embeddable":true,"href":"https:\/\/shop.rkgracanica.ba\/index.php\/wp-json\/wp\/v2\/comments?post=27764"}],"version-history":[{"count":3,"href":"https:\/\/shop.rkgracanica.ba\/index.php\/wp-json\/wp\/v2\/product\/27764\/revisions"}],"predecessor-version":[{"id":28054,"href":"https:\/\/shop.rkgracanica.ba\/index.php\/wp-json\/wp\/v2\/product\/27764\/revisions\/28054"}],"wp:featuredmedia":[{"embeddable":true,"href":"https:\/\/shop.rkgracanica.ba\/index.php\/wp-json\/wp\/v2\/media\/27765"}],"wp:attachment":[{"href":"https:\/\/shop.rkgracanica.ba\/index.php\/wp-json\/wp\/v2\/media?parent=27764"}],"wp:term":[{"taxonomy":"product_cat","embeddable":true,"href":"https:\/\/shop.rkgracanica.ba\/index.php\/wp-json\/wp\/v2\/product_cat?post=27764"},{"taxonomy":"product_tag","embeddable":true,"href":"https:\/\/shop.rkgracanica.ba\/index.php\/wp-json\/wp\/v2\/product_tag?post=27764"}],"curies":[{"name":"wp","href":"https:\/\/api.w.org\/{rel}","templated":true}]}}