{"id":28041,"date":"2024-09-06T22:05:38","date_gmt":"2024-09-06T20:05:38","guid":{"rendered":"https:\/\/shop.rkgracanica.ba\/?post_type=product&#038;p=28041"},"modified":"2024-09-12T09:44:13","modified_gmt":"2024-09-12T07:44:13","slug":"upaljac","status":"publish","type":"product","link":"https:\/\/shop.rkgracanica.ba\/index.php\/proizvod\/upaljac\/","title":{"rendered":"Upalja\u010d"},"content":{"rendered":"<p>Upalja\u010d sa grbom Va\u0161eg omiljenog kluba .<\/p>\n","protected":false},"excerpt":{"rendered":"<p>Upalja\u010d sa grbom Va\u0161eg omiljenog kluba .<\/p>\n","protected":false},"featured_media":28104,"comment_status":"open","ping_status":"closed","template":"","meta":[],"product_cat":[80],"product_tag":[],"class_list":{"0":"post-28041","1":"product","2":"type-product","3":"status-publish","4":"has-post-thumbnail","6":"product_cat-ostalo","8":"first","9":"instock","10":"shipping-taxable","11":"purchasable","12":"product-type-simple"},"_links":{"self":[{"href":"https:\/\/shop.rkgracanica.ba\/index.php\/wp-json\/wp\/v2\/product\/28041","targetHints":{"allow":["GET"]}}],"collection":[{"href":"https:\/\/shop.rkgracanica.ba\/index.php\/wp-json\/wp\/v2\/product"}],"about":[{"href":"https:\/\/shop.rkgracanica.ba\/index.php\/wp-json\/wp\/v2\/types\/product"}],"replies":[{"embeddable":true,"href":"https:\/\/shop.rkgracanica.ba\/index.php\/wp-json\/wp\/v2\/comments?post=28041"}],"version-history":[{"count":1,"href":"https:\/\/shop.rkgracanica.ba\/index.php\/wp-json\/wp\/v2\/product\/28041\/revisions"}],"predecessor-version":[{"id":28043,"href":"https:\/\/shop.rkgracanica.ba\/index.php\/wp-json\/wp\/v2\/product\/28041\/revisions\/28043"}],"wp:featuredmedia":[{"embeddable":true,"href":"https:\/\/shop.rkgracanica.ba\/index.php\/wp-json\/wp\/v2\/media\/28104"}],"wp:attachment":[{"href":"https:\/\/shop.rkgracanica.ba\/index.php\/wp-json\/wp\/v2\/media?parent=28041"}],"wp:term":[{"taxonomy":"product_cat","embeddable":true,"href":"https:\/\/shop.rkgracanica.ba\/index.php\/wp-json\/wp\/v2\/product_cat?post=28041"},{"taxonomy":"product_tag","embeddable":true,"href":"https:\/\/shop.rkgracanica.ba\/index.php\/wp-json\/wp\/v2\/product_tag?post=28041"}],"curies":[{"name":"wp","href":"https:\/\/api.w.org\/{rel}","templated":true}]}}